{"id":624,"date":"2009-04-14T18:20:58","date_gmt":"2009-04-14T16:20:58","guid":{"rendered":"http:\/\/www.magicblur.net\/site\/?page_id=624"},"modified":"2024-11-11T09:05:06","modified_gmt":"2024-11-11T08:05:06","slug":"films","status":"publish","type":"page","link":"https:\/\/www.magicblur.net\/site\/discographie\/films","title":{"rendered":"Films"},"content":{"rendered":"<h2 style=\"text-align: left;\">Starshaped (1993) <\/h2>\n<p><img loading=\"lazy\" decoding=\"async\" class=\"alignnone\" src=\"..\/..\/discomobile\/starshaped_cover.jpg\" alt=\"starshaped\" width=\"128\" height=\"184\" \/><br \/>\nVHS &#8211; 09\/1993<br \/>\nR\u00e9\u00e9dit\u00e9 en 1995<br \/>\nPromo&rsquo;s and footage of              tours (91-93)<br \/>\nIntermission\/ Explain\/ There&rsquo;s No Other Way\/ Luminous\/ She&rsquo;s              So High (edit)\/ Colin Zeal\/Popscene\/ When Will We Be Married\/ Sunday              Sunday\/ The Wassailing Song\/ Coping<\/p>\n<hr style=\"width: 80%;\" \/>\n<h2 style=\"text-align: left;\">Showtime<\/h2>\n<p><img loading=\"lazy\" decoding=\"async\" class=\"alignnone\" src=\"..\/..\/discomobile\/showtime_cover.gif\" alt=\"showtime\" width=\"128\" height=\"184\" \/><\/p>\n<p>VHS &#8211; 02\/1995<br \/>\nBlur at Alexandra Palace,              Oct &rsquo;95<br \/>\nLot 105\/ Sunday Sunday\/ Jubilee\/<br \/>\nTracy Jacks\/ Magic America\/ End of a Century\/Popscene\/ Trouble in              the Message Centre\/ She&rsquo;s So High\/<br \/>\nChemical World\/ Badhead\/ There&rsquo;s No Other Way\/To The End\/Advert\/Supa              Shoppa\/Mr Robinsons Quango\/Parklife\/Girls&amp;boys\/Bank Holiday\/This              Is A Low.<\/p>\n<hr style=\"width: 80%;\" \/>\n<h2 style=\"text-align: left;\">No Distance left to run (1999) <\/h2>\n<p><img loading=\"lazy\" decoding=\"async\" class=\"alignnone\" src=\"..\/..\/discomobile\/dvd1.jpg\" alt=\"dvd1\" width=\"128\" height=\"184\" \/><br \/>\nDVD &#8211; 12\/12\/1999<br \/>\nNo Distance Left To Run, interview              du groupe<br \/>\nLes lives de Tender,              Battle et de No Distance Left To Run et le superbe clip de Beagle              2 avec un remix Rock de Far Out<\/p>\n<hr style=\"width: 80%;\" \/>\n<h2 style=\"text-align: left;\">Best of<\/h2>\n<p><img loading=\"lazy\" decoding=\"async\" class=\"alignnone\" src=\"..\/..\/discomobile\/dvdbo.jpg\" alt=\"starshaped\" width=\"128\" height=\"184\" \/><br \/>\nDVD &#8211; 11\/2000<br \/>\nLes clips des 22 premiers singles : She&rsquo;s So High, There&rsquo;s No Other Way, Bang, Popscene, For Tomorrow, Chemical World, Sunday Sunday, Girls &amp; Boys, To The End, Parklife, End Of A Century, Country House, The Universal, Stereotypes, Charmless Man, Beetlebum, Song 2, On Your Own, M.O.R., Tender, Coffee &amp; TV, No Distance Left To Run<\/p>\n<hr style=\"width: 80%;\" \/>\n<h2 style=\"text-align: left;\">Starshaped (2004)<\/h2>\n<p><img loading=\"lazy\" decoding=\"async\" class=\"alignnone\" src=\"..\/..\/discomobile\/stardvd.jpg\" alt=\"starshaped\" width=\"128\" height=\"184\" \/><\/p>\n<p>R\u00e9edition DVD + Bonus &#8211; 10\/2004<\/p>\n<p><strong>Starshaped<\/strong> : Promo&rsquo;s and footage of tours            (91-93)<\/p>\n<p>Intermission, Can&rsquo;t Explain,            There&rsquo;s No Other Way, Inertia, She&rsquo;s So High,<br \/>\nColin Zeal, Popscene, When Will We Be Married, Sunday Sunday,<br \/>\nWassailing Song, Coping, Day Upon Day, For Tomorrow,<br \/>\nPostman Pat Theme, Chemical World, Advert, Commercial Break<\/p>\n<p><strong>Live in Kilburn <\/strong><\/p>\n<p>Popscene, Fool, High Cool,            Bad Day, Oily Water, Slow Down,<br \/>\nThere\u2019s No Other Way, Turn It Up, She&rsquo;s So High, Wear Me Down,<br \/>\nCome Together, Day Upon Day, Sing, Explain, Outro<\/p>\n<p><strong>Live at the princesse            Charlotte<\/strong><\/p>\n<p>Won\u2019t Do It, There\u2019s            No Other Way, High Cool, Wear Me Down<\/p>\n<p>Version alternative du clip            de There&rsquo;s No Other Way<\/p>\n<hr style=\"width: 80%;\" \/>\n<h2 style=\"text-align: left;\">No Distance Left To Run (2010) <\/h2>\n<p><img loading=\"lazy\" decoding=\"async\" class=\"alignnone\" src=\"..\/..\/discomobile\/ndlrdoc.jpg\" alt=\"NDLR\" width=\"128\" height=\"184\" \/><br \/>\nDouble DVD &#8211; 15 f\u00e9vrier 2010 \/ Pulse Films &#038; EMI \/ Parlophone<br \/>\n<strong>DVD 1- NO DISTANCE LEFT TO RUN<\/strong><br \/>\nDocumentaire de Dylan Southern and Will Lovelace, retra\u00e7ant la tourn\u00e9e 2009 et l&rsquo;histoire de blur.<\/p>\n<p><strong>DVD 2 &#8211; LIVE AT HYDE PARK<\/strong><br \/>\nShe&rsquo;s So High. Girls &#038; Boys. Tracy Jacks. There&rsquo;s No Otherway. Jubilee.<br \/>\nBad Head. Beetlebum. Out of Time. Trimm Trab. Coffee and TV. Tender. Country House. Oily Water. Chemical World. Sunday Sunday. Parklife. End of the Century. To the End. This is a Low. Pop Scene. Advert. Song 2. Death of a Party. For Tomorrow. The Universal.<\/p>\n","protected":false},"excerpt":{"rendered":"<p>Starshaped (1993) VHS &#8211; 09\/1993 R\u00e9\u00e9dit\u00e9 en 1995 Promo&rsquo;s and footage of tours (91-93) Intermission\/ Explain\/ There&rsquo;s No Other Way\/ Luminous\/ She&rsquo;s So High (edit)\/ Colin Zeal\/Popscene\/ When Will We Be Married\/ Sunday Sunday\/ The Wassailing Song\/ Coping Showtime VHS &#8211; 02\/1995 Blur at Alexandra Palace, Oct &rsquo;95 Lot 105\/ Sunday Sunday\/ Jubilee\/ Tracy Jacks\/ [&hellip;]<\/p>\n","protected":false},"author":1,"featured_media":0,"parent":226,"menu_order":4,"comment_status":"closed","ping_status":"open","template":"","meta":{"footnotes":""},"class_list":["post-624","page","type-page","status-publish","hentry"],"yoast_head":"<!-- This site is optimized with the Yoast SEO plugin v26.3 - https:\/\/yoast.com\/wordpress\/plugins\/seo\/ -->\n<title>Films - magicblur.net :: un site en fran\u00e7ais sur blur<\/title>\n<meta name=\"robots\" content=\"index, follow, max-snippet:-1, max-image-preview:large, max-video-preview:-1\" \/>\n<link rel=\"canonical\" href=\"https:\/\/www.magicblur.net\/site\/discographie\/films\" \/>\n<meta property=\"og:locale\" content=\"fr_FR\" \/>\n<meta property=\"og:type\" content=\"article\" \/>\n<meta property=\"og:title\" content=\"Films - magicblur.net :: un site en fran\u00e7ais sur blur\" \/>\n<meta property=\"og:description\" content=\"Starshaped (1993) VHS &#8211; 09\/1993 R\u00e9\u00e9dit\u00e9 en 1995 Promo&rsquo;s and footage of tours (91-93) Intermission\/ Explain\/ There&rsquo;s No Other Way\/ Luminous\/ She&rsquo;s So High (edit)\/ Colin Zeal\/Popscene\/ When Will We Be Married\/ Sunday Sunday\/ The Wassailing Song\/ Coping Showtime VHS &#8211; 02\/1995 Blur at Alexandra Palace, Oct &rsquo;95 Lot 105\/ Sunday Sunday\/ Jubilee\/ Tracy Jacks\/ [&hellip;]\" \/>\n<meta property=\"og:url\" content=\"https:\/\/www.magicblur.net\/site\/discographie\/films\" \/>\n<meta property=\"og:site_name\" content=\"magicblur.net :: un site en fran\u00e7ais sur blur\" \/>\n<meta property=\"article:modified_time\" content=\"2024-11-11T08:05:06+00:00\" \/>\n<meta name=\"twitter:card\" content=\"summary_large_image\" \/>\n<meta name=\"twitter:label1\" content=\"Dur\u00e9e de lecture estim\u00e9e\" \/>\n\t<meta name=\"twitter:data1\" content=\"2 minutes\" \/>\n<script type=\"application\/ld+json\" class=\"yoast-schema-graph\">{\"@context\":\"https:\/\/schema.org\",\"@graph\":[{\"@type\":\"WebPage\",\"@id\":\"https:\/\/www.magicblur.net\/site\/discographie\/films\",\"url\":\"https:\/\/www.magicblur.net\/site\/discographie\/films\",\"name\":\"Films - magicblur.net :: un site en fran\u00e7ais sur blur\",\"isPartOf\":{\"@id\":\"\/#website\"},\"datePublished\":\"2009-04-14T16:20:58+00:00\",\"dateModified\":\"2024-11-11T08:05:06+00:00\",\"breadcrumb\":{\"@id\":\"https:\/\/www.magicblur.net\/site\/discographie\/films#breadcrumb\"},\"inLanguage\":\"fr-FR\",\"potentialAction\":[{\"@type\":\"ReadAction\",\"target\":[\"https:\/\/www.magicblur.net\/site\/discographie\/films\"]}]},{\"@type\":\"BreadcrumbList\",\"@id\":\"https:\/\/www.magicblur.net\/site\/discographie\/films#breadcrumb\",\"itemListElement\":[{\"@type\":\"ListItem\",\"position\":1,\"name\":\"Accueil\",\"item\":\"https:\/\/www.magicblur.net\/site\/discographie\"},{\"@type\":\"ListItem\",\"position\":2,\"name\":\"Films\"}]},{\"@type\":\"WebSite\",\"@id\":\"\/#website\",\"url\":\"\/\",\"name\":\"magicblur.net :: un site en fran\u00e7ais sur blur\",\"description\":\"Un site en fran\u00e7ais sur blur\",\"potentialAction\":[{\"@type\":\"SearchAction\",\"target\":{\"@type\":\"EntryPoint\",\"urlTemplate\":\"\/?s={search_term_string}\"},\"query-input\":{\"@type\":\"PropertyValueSpecification\",\"valueRequired\":true,\"valueName\":\"search_term_string\"}}],\"inLanguage\":\"fr-FR\"}]}<\/script>\n<!-- \/ Yoast SEO plugin. -->","yoast_head_json":{"title":"Films - magicblur.net :: un site en fran\u00e7ais sur blur","robots":{"index":"index","follow":"follow","max-snippet":"max-snippet:-1","max-image-preview":"max-image-preview:large","max-video-preview":"max-video-preview:-1"},"canonical":"https:\/\/www.magicblur.net\/site\/discographie\/films","og_locale":"fr_FR","og_type":"article","og_title":"Films - magicblur.net :: un site en fran\u00e7ais sur blur","og_description":"Starshaped (1993) VHS &#8211; 09\/1993 R\u00e9\u00e9dit\u00e9 en 1995 Promo&rsquo;s and footage of tours (91-93) Intermission\/ Explain\/ There&rsquo;s No Other Way\/ Luminous\/ She&rsquo;s So High (edit)\/ Colin Zeal\/Popscene\/ When Will We Be Married\/ Sunday Sunday\/ The Wassailing Song\/ Coping Showtime VHS &#8211; 02\/1995 Blur at Alexandra Palace, Oct &rsquo;95 Lot 105\/ Sunday Sunday\/ Jubilee\/ Tracy Jacks\/ [&hellip;]","og_url":"https:\/\/www.magicblur.net\/site\/discographie\/films","og_site_name":"magicblur.net :: un site en fran\u00e7ais sur blur","article_modified_time":"2024-11-11T08:05:06+00:00","twitter_card":"summary_large_image","twitter_misc":{"Dur\u00e9e de lecture estim\u00e9e":"2 minutes"},"schema":{"@context":"https:\/\/schema.org","@graph":[{"@type":"WebPage","@id":"https:\/\/www.magicblur.net\/site\/discographie\/films","url":"https:\/\/www.magicblur.net\/site\/discographie\/films","name":"Films - magicblur.net :: un site en fran\u00e7ais sur blur","isPartOf":{"@id":"\/#website"},"datePublished":"2009-04-14T16:20:58+00:00","dateModified":"2024-11-11T08:05:06+00:00","breadcrumb":{"@id":"https:\/\/www.magicblur.net\/site\/discographie\/films#breadcrumb"},"inLanguage":"fr-FR","potentialAction":[{"@type":"ReadAction","target":["https:\/\/www.magicblur.net\/site\/discographie\/films"]}]},{"@type":"BreadcrumbList","@id":"https:\/\/www.magicblur.net\/site\/discographie\/films#breadcrumb","itemListElement":[{"@type":"ListItem","position":1,"name":"Accueil","item":"https:\/\/www.magicblur.net\/site\/discographie"},{"@type":"ListItem","position":2,"name":"Films"}]},{"@type":"WebSite","@id":"\/#website","url":"\/","name":"magicblur.net :: un site en fran\u00e7ais sur blur","description":"Un site en fran\u00e7ais sur blur","potentialAction":[{"@type":"SearchAction","target":{"@type":"EntryPoint","urlTemplate":"\/?s={search_term_string}"},"query-input":{"@type":"PropertyValueSpecification","valueRequired":true,"valueName":"search_term_string"}}],"inLanguage":"fr-FR"}]}},"_links":{"self":[{"href":"https:\/\/www.magicblur.net\/site\/wp-json\/wp\/v2\/pages\/624","targetHints":{"allow":["GET"]}}],"collection":[{"href":"https:\/\/www.magicblur.net\/site\/wp-json\/wp\/v2\/pages"}],"about":[{"href":"https:\/\/www.magicblur.net\/site\/wp-json\/wp\/v2\/types\/page"}],"author":[{"embeddable":true,"href":"https:\/\/www.magicblur.net\/site\/wp-json\/wp\/v2\/users\/1"}],"replies":[{"embeddable":true,"href":"https:\/\/www.magicblur.net\/site\/wp-json\/wp\/v2\/comments?post=624"}],"version-history":[{"count":3,"href":"https:\/\/www.magicblur.net\/site\/wp-json\/wp\/v2\/pages\/624\/revisions"}],"predecessor-version":[{"id":1548,"href":"https:\/\/www.magicblur.net\/site\/wp-json\/wp\/v2\/pages\/624\/revisions\/1548"}],"up":[{"embeddable":true,"href":"https:\/\/www.magicblur.net\/site\/wp-json\/wp\/v2\/pages\/226"}],"wp:attachment":[{"href":"https:\/\/www.magicblur.net\/site\/wp-json\/wp\/v2\/media?parent=624"}],"curies":[{"name":"wp","href":"https:\/\/api.w.org\/{rel}","templated":true}]}}