{"id":2,"date":"2008-12-08T15:09:27","date_gmt":"2008-12-08T14:09:27","guid":{"rendered":"http:\/\/www.magicblur.net\/site\/?page_id=2"},"modified":"2025-11-08T15:07:57","modified_gmt":"2025-11-08T14:07:57","slug":"a-propos","status":"publish","type":"page","link":"https:\/\/www.magicblur.net\/site\/a-propos","title":{"rendered":"\u00c0 propos"},"content":{"rendered":"<div class=\"content clear-block\">\n<h2>Partage<\/h2>\n<p>Ce site est ouvert \u00e0 tout \u00e9change de liens. Il suffit d\u2019envoyer un mail au webmaster : <a href=\"mailto:magicblur@magicblur.net\">contact<\/a><\/p>\n<p>Voici une banni\u00e8re que vous pourrez ais\u00e9ment ins\u00e9rer sur votre site \/ blog.<\/p>\n<p><img loading=\"lazy\" decoding=\"async\" class=\"size-full wp-image-43\" title=\"Banni\u00e8re magicblur.net\" src=\"https:\/\/www.magicblur.net\/site\/wp-content\/uploads\/2008\/12\/magicbanner13.jpg\" alt=\"Banni\u00e8re magicblur.net\" width=\"400\" height=\"40\" srcset=\"https:\/\/www.magicblur.net\/site\/wp-content\/uploads\/2008\/12\/magicbanner13.jpg 400w, https:\/\/www.magicblur.net\/site\/wp-content\/uploads\/2008\/12\/magicbanner13-300x30.jpg 300w\" sizes=\"auto, (max-width: 400px) 100vw, 400px\" \/><\/p>\n<p>Le site dispose d\u2019une\u00a0<a href=\"http:\/\/www.facebook.com\/pages\/magicblurnet\/257192624358829\">page facebook<\/a>, qui permets \u00e0 tous les visiteurs de ce site de se retrouver sur l\u2019un des plus grand des r\u00e9seaux sociaux.<\/p>\n<h2>Mentions L\u00e9gales<\/h2>\n<p>Webmaster : Jo\u00ebl Monteillet (<a href=\"mailto:magicblur@magicblur.net\">contact<\/a>)<\/p>\n<p>Ce site est \u00e9dit\u00e9\u00a0\u00a0\u00e0 titre non professionnel. Il est h\u00e9berg\u00e9 par OVH, 2 rue Kellermann &#8211; 59100 Roubaix &#8211; France.<\/p>\n<h2>Le site<\/h2>\n<p>magicblur.net est un site internet non officiel sur le groupe blur en fran\u00e7ais. Il a \u00e9t\u00e9 cr\u00e9e en 1999. Ce site est destin\u00e9 aux francophones passionn\u00e9s par la musique du groupe britannique blur, disponible sous le label Parlophone (EMI). magicblur.net est le rep\u00e8re de plusieurs fans francophones qui font vivre ce site depuis plus de 10 ans, via le forum et leurs diff\u00e9rentes contributions. En 2010, le trafic mensuel du site est de 4000 visites selon <a href=\"https:\/\/www.google.com\/analytics\/\">Google Analytics<\/a> ou 15000 visites selon les statistiques h\u00e9bergeur.<\/p>\n<h4>Equipe de magicblur.net<\/h4>\n<p>News : Jo\u00ebl, Charlie, Nicolas, Bruno, Fab.<\/p>\n<p>Administration et mod\u00e9ration des forums : Jo\u00ebl, Charlie, Nicolas<\/p>\n<p>Contributeurs r\u00e9guliers : Jo\u00ebl, Charlie, Nicolas, Morgan, Fab, Audrey, Bruno, Pierre (Advert), Siamack, Vincent, Simon, Claire (Luminous)<\/p>\n<p>Autres contributeurs : Colin Zeal, Bugman, Marie, Yannick, Momo, Maryse, Virginie, Superman, Elodie, Romain, Gabrielle, Clo,Vincent, Kat, Emilie, Emilien, K\u00e9vin, Jean Michel, Justine, Louise, Palmito, Vincent (setlist.free.fr), &#8230;<\/p>\n<h4>Histoire du site<\/h4>\n<p>1998 : espace sur blur sur le site personnel de Jo\u00ebl<\/p>\n<p>1999 : cr\u00e9ation du site magicblur.net sur Multimania,s\u00e9lectionn\u00e9 par le magazine Best en Avril 1999, r\u00e9f\u00e9renc\u00e9 par les principaux guides dont Yahoo!, accr\u00e9dit\u00e9 \u00e0 La Route Du Rock 99, en interview sur Le Mouv\u2019,Poussin d\u2019or de pagesmusique, Octane99<\/p>\n<p>2000 : Version 1.07 du site ( Nom de domaine, Menus dynamiques, Forum\u2026),recommandation par Le Mouv\u2019 (Radio-France)<\/p>\n<p>2001 &amp; 2002 : recommandation par TARATATA, Respublica.fr , MCM<\/p>\n<p>2003 : Version 1.11 &amp; 1.12 du site, r\u00e9f\u00e9renc\u00e9 par le site officiel du blur fan club, recommandation par Francis Z\u00e9gut sur RTL2 : \u201cHaut en couleurs, et regorgeant d\u2019informations, ce site est incontournable pour les fans du groupe pop britannique\u201d,invitation au concert priv\u00e9 de blur \u00e0 Malakoff (Paris) &#8211; Tiscali<\/p>\n<p>2004 : migration du site vers un serveur mutualis\u00e9 OVH<\/p>\n<p>2006 : conception et publication de la version 2.0 du site<\/p>\n<p>2008 : interview et recommandation par Le Mouv\u2019 (Radio-France)<\/p>\n<p>2009 : version 3.0 du site, interview et recommandation par France 3 (France Televisions)<\/p>\n<h4>Merci<\/h4>\n<p>Hors cat\u00e9gorie : Damon Albarn, Graham Coxon, Alex James, Dave Rowntree<\/p>\n<p>Aux gens sans qui ce site n\u2019existerait pas : Edouard, Charlie, Nico, Bruno, Morgan, Audrey, Pierre, Claire, Gabrielle, Fab, Eliette.<\/p>\n<p>A Martin du blur fan club (BFC), Noel Chambers (High Cool), Jamie Milestone, Julien, K\u00e9vin, C\u00e9dric, Jordane, Momo, Vincent, Aurore, Marie, Romain, Maryse, Virginie, Bugman13, Superman, Veikko, Thierry, Franck (Tiscali Musique), La Route Du Rock, Christophe Conte (Les Inrrockuptibles), Francis Z\u00e9gut (RTL2), Mathieu, Romain et Corinne (Le Mouv\u2019)\u2026<\/p>\n<h4>Droit<\/h4>\n<h5>Informatique et Libert\u00e9s<\/h5>\n<p>Le site vous permet, conform\u00e9ment \u00e0 la loi Informatique et Libert\u00e9s, de rectifier ou de supprimer toutes les informations que vous pouvez \u00eatre amener \u00e0 lui transmettre. Le forum et le site utilisent des cookies et recueillent des adresses ip pour permettre \u00e0 tous une identification transparente (tout le monde sait qui est connect\u00e9 au forum et il y a un seul pseudo par personne). Le spam ou la revente des coordonn\u00e9es membres n\u2019est en aucun cas pratiqu\u00e9 par magicblur.net. Ce site suit les recommandations de la CNIL.<\/p>\n<h5>Code de la propri\u00e9t\u00e9 intellectuelle<\/h5>\n<p>Les dispositions actuelles du code de la propri\u00e9t\u00e9 intellectuelle interdisent strictement la reproduction d\u2019images et de textes (sauf citations courtes) quand elle ne prends pas en compte la r\u00e9mnun\u00e9ration des ayants droits\u2026 Cette pratique est plus restrictive que le \u201cfair use\u201d am\u00e9ricain, qui est un des facteurs du d\u00e9veloppement du web tel qu\u2019on le connait aujourd\u2019hui. En promouvant blur, magicblur.net pourrait donc se faire attaquer par un d\u00e9tenteur de droits potentiel\u2026 Si tel est le cas, au lieu d\u2019envoyer une ordonnance judiciaire, veuillez plut\u00f4t avertir pour un r\u00e8glement \u00e0 l\u2019amiable le responsable du site : <a href=\"mailto:magicblur@magicblur.net\">contact<\/a>.<\/p>\n<p>Je tiens \u00e0 remercier blur et EMI, Parlophone et toutes les autres personnes qui font preuve de tol\u00e9rance quant au contenu du sit<span style=\"color: #000000;\">e depuis 26 ans.<\/span><\/p>\n<p>Les photographies ou images pr\u00e9sent\u00e9es sur ce site sont souvent des couvertures de disques, des photographies de promotion, des photos prises par des fans, des captures d\u2019\u00e9mission t\u00e9l\u00e9s et quelques photographies tir\u00e9es de magazines. Je tiens \u00e0 dire qu\u2019elles sont ici \u00e0 titre de PROMOTION du groupe blur, et qu\u2019elles appartiennent \u00e0 leurs auteurs respectifs et sont pour la plupart prot\u00e9g\u00e9es.<\/p>\n<p>Propri\u00e9taires identifi\u00e9s des images \u201cprofessionnelles\u201d : blur, Graham Coxon, Stylo Rouge, Banksy, EMI Records,M6,Canal +,Robin (Magic!),Best, Les Inrockuptibles,Oui FM,France 2,BBC,MTV. Propri\u00e9taires des photographies de fans : cr\u00e9dits indiqu\u00e9s sur les photos. Chaque image a fait l\u2019objet d\u2019une autorisation de leur auteur \/ du d\u00e9tenteur de leurs droits quand il \u00e9tait identifiable.<\/p>\n<p>Les paroles des chansons sont la propri\u00e9t\u00e9 de blur. Les tabs sont des interpr\u00e9tations au format tab des partie de guitare, et ont \u00e9t\u00e9 r\u00e9alis\u00e9es par des fans.<\/p>\n<h5>Droit \u00e0 l\u2019image<\/h5>\n<p>Les images professionnelles du site sont toutes extraites de journaux et de magazines respectables. Aucunes ne sont tir\u00e9es de Tablo\u00efds : ces derni\u00e8res sont toutes officielles et autoris\u00e9es \u00e0 la publication ou tol\u00e9r\u00e9es (aucune photo n\u2019est prise \u00e0 l\u2019insu de blur).<\/p>\n<h5>Logiciels utilis\u00e9s, graphismes<\/h5>\n<p><a href=\"http:\/\/www.php.net\">PHP<\/a>, <a href=\"http:\/\/www.mysql.com\">MySQL<\/a>, <a href=\"http:\/\/fr.wordpress.org\">WordPress<\/a>, <a href=\"http:\/\/www.phpbb.com\">PHPBB<\/a>, <a href=\"http:\/\/gallery.menalto.com\/\">Gallery2<\/a>, <a href=\"https:\/\/silktide.com\/tools\/cookie-consent\/\" target=\"_blank\" rel=\"noopener\">CookieConsent<\/a><\/p>\n<p>Le logo du site et les images sp\u00e9cifiques au site ont \u00e9t\u00e9 dessin\u00e9es et r\u00e9alis\u00e9es pour magicblur.net.<\/p>\n<p>Le site utilise \u00e9galement quelques ic\u00f4nes libres : <a href=\"http:\/\/sekkyumu.deviantart.com\/art\/Developpers-Icons-63052312\">Sekkyumu Developppers Icons<\/a>, <a href=\"http:\/\/www.jankoatwarpspeed.com\/\">Handycons<\/a><\/p>\n<p>Le menu a \u00e9t\u00e9 g\u00e9n\u00e9r\u00e9 via <a href=\"http:\/\/www.cssmenubuilder.com\/\">CSS Menu Builder<\/a><\/p>\n<h2>Conditions g\u00e9n\u00e9rales d&rsquo;utilisation du site<\/h2>\n<p>L&rsquo;utilisation du site implique l&rsquo;acceptation tacite des conditions qui suivent, en particulier dans le cas o\u00f9 vous souhaiteriez reproduire tout \u00e9l\u00e9ment du site.<\/p>\n<p>Aucun contenu ne peut \u00eatre reproduit depuis le site sans l&rsquo;autorisation explicite du webmaster et de l&rsquo;auteur de l&rsquo;oeuvre, sauf mention contraire.<\/p>\n<p>Aucune image ne doit \u00eatre reprise directement telle qu&rsquo;h\u00e9berg\u00e9e sur magicblur.net (par &lsquo;hotlink&rsquo;). Ce genre de pratique peut en effet entrainer un effet non n\u00e9gligeable sur le trafic du site.<\/p>\n<p>Le contenu du site appartient au webmestre du site magicblur ou aux diff\u00e9rents contributeurs. Le nom de domaine magicblur.net est d\u00e9pos\u00e9 aupr\u00e8s de OVH et le site est h\u00e9berg\u00e9 sur un serveur mutualis\u00e9 <a href=\"http:\/\/www.ovh.com\">OVH<\/a>. Les adresses e-mail du type <a href=\"mailto:pseudo@magicblur.net\">pseudo@magicblur.net<\/a> appartiennent aux membres de magicblur.<\/p>\n<p>Une partie du contenu publi\u00e9 sur le site est mis \u00e0 disposition sous un contrat <a href=\"http:\/\/creativecommons.org\/licenses\/by-nc-nd\/2.0\/fr\/\" rel=\"license\">Creative Commons<\/a>. Merci dans ce cas de v\u00e9rifier que le contenu que vous souhaitez utiliser sur votre site mentionne bien cette licence. Le contenu repris doit mentionner l&rsquo;auteur. Il est bien s\u00fbr souhaitable de faire un len vers le site lorsque vous utiliser un contenu de celui-ci.<\/p>\n<p>Ce site n\u2019a AUCUN rapport avec les sites h\u00e9berg\u00e9s \u00e0 l\u2019adresse magicblur.com<\/p>\n<\/div>\n","protected":false},"excerpt":{"rendered":"<p>Partage Ce site est ouvert \u00e0 tout \u00e9change de liens. Il suffit d\u2019envoyer un mail au webmaster : contact Voici une banni\u00e8re que vous pourrez ais\u00e9ment ins\u00e9rer sur votre site \/ blog. Le site dispose d\u2019une\u00a0page facebook, qui permets \u00e0 tous les visiteurs de ce site de se retrouver sur l\u2019un des plus grand des [&hellip;]<\/p>\n","protected":false},"author":1,"featured_media":0,"parent":0,"menu_order":0,"comment_status":"closed","ping_status":"open","template":"","meta":{"footnotes":""},"class_list":["post-2","page","type-page","status-publish","hentry"],"yoast_head":"<!-- This site is optimized with the Yoast SEO plugin v26.3 - https:\/\/yoast.com\/wordpress\/plugins\/seo\/ -->\n<title>\u00c0 propos - magicblur.net :: un site en fran\u00e7ais sur blur<\/title>\n<meta name=\"robots\" content=\"index, follow, max-snippet:-1, max-image-preview:large, max-video-preview:-1\" \/>\n<link rel=\"canonical\" href=\"https:\/\/www.magicblur.net\/site\/a-propos\" \/>\n<meta property=\"og:locale\" content=\"fr_FR\" \/>\n<meta property=\"og:type\" content=\"article\" \/>\n<meta property=\"og:title\" content=\"\u00c0 propos - magicblur.net :: un site en fran\u00e7ais sur blur\" \/>\n<meta property=\"og:description\" content=\"Partage Ce site est ouvert \u00e0 tout \u00e9change de liens. Il suffit d\u2019envoyer un mail au webmaster : contact Voici une banni\u00e8re que vous pourrez ais\u00e9ment ins\u00e9rer sur votre site \/ blog. Le site dispose d\u2019une\u00a0page facebook, qui permets \u00e0 tous les visiteurs de ce site de se retrouver sur l\u2019un des plus grand des [&hellip;]\" \/>\n<meta property=\"og:url\" content=\"https:\/\/www.magicblur.net\/site\/a-propos\" \/>\n<meta property=\"og:site_name\" content=\"magicblur.net :: un site en fran\u00e7ais sur blur\" \/>\n<meta property=\"article:modified_time\" content=\"2025-11-08T14:07:57+00:00\" \/>\n<meta property=\"og:image\" content=\"https:\/\/www.magicblur.net\/site\/wp-content\/uploads\/2008\/12\/magicbanner13.jpg\" \/>\n\t<meta property=\"og:image:width\" content=\"400\" \/>\n\t<meta property=\"og:image:height\" content=\"40\" \/>\n\t<meta property=\"og:image:type\" content=\"image\/jpeg\" \/>\n<meta name=\"twitter:card\" content=\"summary_large_image\" \/>\n<meta name=\"twitter:label1\" content=\"Dur\u00e9e de lecture estim\u00e9e\" \/>\n\t<meta name=\"twitter:data1\" content=\"6 minutes\" \/>\n<script type=\"application\/ld+json\" class=\"yoast-schema-graph\">{\"@context\":\"https:\/\/schema.org\",\"@graph\":[{\"@type\":\"WebPage\",\"@id\":\"https:\/\/www.magicblur.net\/site\/a-propos\",\"url\":\"https:\/\/www.magicblur.net\/site\/a-propos\",\"name\":\"\u00c0 propos - magicblur.net :: un site en fran\u00e7ais sur blur\",\"isPartOf\":{\"@id\":\"\/#website\"},\"primaryImageOfPage\":{\"@id\":\"https:\/\/www.magicblur.net\/site\/a-propos#primaryimage\"},\"image\":{\"@id\":\"https:\/\/www.magicblur.net\/site\/a-propos#primaryimage\"},\"thumbnailUrl\":\"https:\/\/www.magicblur.net\/site\/wp-content\/uploads\/2008\/12\/magicbanner13.jpg\",\"datePublished\":\"2008-12-08T14:09:27+00:00\",\"dateModified\":\"2025-11-08T14:07:57+00:00\",\"inLanguage\":\"fr-FR\",\"potentialAction\":[{\"@type\":\"ReadAction\",\"target\":[\"https:\/\/www.magicblur.net\/site\/a-propos\"]}]},{\"@type\":\"ImageObject\",\"inLanguage\":\"fr-FR\",\"@id\":\"https:\/\/www.magicblur.net\/site\/a-propos#primaryimage\",\"url\":\"https:\/\/www.magicblur.net\/site\/wp-content\/uploads\/2008\/12\/magicbanner13.jpg\",\"contentUrl\":\"https:\/\/www.magicblur.net\/site\/wp-content\/uploads\/2008\/12\/magicbanner13.jpg\"},{\"@type\":\"WebSite\",\"@id\":\"\/#website\",\"url\":\"\/\",\"name\":\"magicblur.net :: un site en fran\u00e7ais sur blur\",\"description\":\"Un site en fran\u00e7ais sur blur\",\"potentialAction\":[{\"@type\":\"SearchAction\",\"target\":{\"@type\":\"EntryPoint\",\"urlTemplate\":\"\/?s={search_term_string}\"},\"query-input\":{\"@type\":\"PropertyValueSpecification\",\"valueRequired\":true,\"valueName\":\"search_term_string\"}}],\"inLanguage\":\"fr-FR\"}]}<\/script>\n<!-- \/ Yoast SEO plugin. -->","yoast_head_json":{"title":"\u00c0 propos - magicblur.net :: un site en fran\u00e7ais sur blur","robots":{"index":"index","follow":"follow","max-snippet":"max-snippet:-1","max-image-preview":"max-image-preview:large","max-video-preview":"max-video-preview:-1"},"canonical":"https:\/\/www.magicblur.net\/site\/a-propos","og_locale":"fr_FR","og_type":"article","og_title":"\u00c0 propos - magicblur.net :: un site en fran\u00e7ais sur blur","og_description":"Partage Ce site est ouvert \u00e0 tout \u00e9change de liens. Il suffit d\u2019envoyer un mail au webmaster : contact Voici une banni\u00e8re que vous pourrez ais\u00e9ment ins\u00e9rer sur votre site \/ blog. Le site dispose d\u2019une\u00a0page facebook, qui permets \u00e0 tous les visiteurs de ce site de se retrouver sur l\u2019un des plus grand des [&hellip;]","og_url":"https:\/\/www.magicblur.net\/site\/a-propos","og_site_name":"magicblur.net :: un site en fran\u00e7ais sur blur","article_modified_time":"2025-11-08T14:07:57+00:00","og_image":[{"width":400,"height":40,"url":"https:\/\/www.magicblur.net\/site\/wp-content\/uploads\/2008\/12\/magicbanner13.jpg","type":"image\/jpeg"}],"twitter_card":"summary_large_image","twitter_misc":{"Dur\u00e9e de lecture estim\u00e9e":"6 minutes"},"schema":{"@context":"https:\/\/schema.org","@graph":[{"@type":"WebPage","@id":"https:\/\/www.magicblur.net\/site\/a-propos","url":"https:\/\/www.magicblur.net\/site\/a-propos","name":"\u00c0 propos - magicblur.net :: un site en fran\u00e7ais sur blur","isPartOf":{"@id":"\/#website"},"primaryImageOfPage":{"@id":"https:\/\/www.magicblur.net\/site\/a-propos#primaryimage"},"image":{"@id":"https:\/\/www.magicblur.net\/site\/a-propos#primaryimage"},"thumbnailUrl":"https:\/\/www.magicblur.net\/site\/wp-content\/uploads\/2008\/12\/magicbanner13.jpg","datePublished":"2008-12-08T14:09:27+00:00","dateModified":"2025-11-08T14:07:57+00:00","inLanguage":"fr-FR","potentialAction":[{"@type":"ReadAction","target":["https:\/\/www.magicblur.net\/site\/a-propos"]}]},{"@type":"ImageObject","inLanguage":"fr-FR","@id":"https:\/\/www.magicblur.net\/site\/a-propos#primaryimage","url":"https:\/\/www.magicblur.net\/site\/wp-content\/uploads\/2008\/12\/magicbanner13.jpg","contentUrl":"https:\/\/www.magicblur.net\/site\/wp-content\/uploads\/2008\/12\/magicbanner13.jpg"},{"@type":"WebSite","@id":"\/#website","url":"\/","name":"magicblur.net :: un site en fran\u00e7ais sur blur","description":"Un site en fran\u00e7ais sur blur","potentialAction":[{"@type":"SearchAction","target":{"@type":"EntryPoint","urlTemplate":"\/?s={search_term_string}"},"query-input":{"@type":"PropertyValueSpecification","valueRequired":true,"valueName":"search_term_string"}}],"inLanguage":"fr-FR"}]}},"_links":{"self":[{"href":"https:\/\/www.magicblur.net\/site\/wp-json\/wp\/v2\/pages\/2","targetHints":{"allow":["GET"]}}],"collection":[{"href":"https:\/\/www.magicblur.net\/site\/wp-json\/wp\/v2\/pages"}],"about":[{"href":"https:\/\/www.magicblur.net\/site\/wp-json\/wp\/v2\/types\/page"}],"author":[{"embeddable":true,"href":"https:\/\/www.magicblur.net\/site\/wp-json\/wp\/v2\/users\/1"}],"replies":[{"embeddable":true,"href":"https:\/\/www.magicblur.net\/site\/wp-json\/wp\/v2\/comments?post=2"}],"version-history":[{"count":11,"href":"https:\/\/www.magicblur.net\/site\/wp-json\/wp\/v2\/pages\/2\/revisions"}],"predecessor-version":[{"id":1557,"href":"https:\/\/www.magicblur.net\/site\/wp-json\/wp\/v2\/pages\/2\/revisions\/1557"}],"wp:attachment":[{"href":"https:\/\/www.magicblur.net\/site\/wp-json\/wp\/v2\/media?parent=2"}],"curies":[{"name":"wp","href":"https:\/\/api.w.org\/{rel}","templated":true}]}}