{"id":1480,"date":"2019-08-26T18:36:17","date_gmt":"2019-08-26T17:36:17","guid":{"rendered":"http:\/\/www.magicblur.net\/site\/?page_id=1480"},"modified":"2019-08-26T18:36:17","modified_gmt":"2019-08-26T17:36:17","slug":"tv-uk","status":"publish","type":"page","link":"https:\/\/www.magicblur.net\/site\/tv-uk","title":{"rendered":"TV UK"},"content":{"rendered":"\n<div class=\"gallery-album\">\n<p>Captures d&rsquo;\u00e9crans tir\u00e9es d&rsquo;\u00e9missions britanniques<\/p>\n<\/div>\n<div class=\"gallery-album\">\u00a0<\/div>\n\n\n\n<ul class=\"wp-block-gallery columns-3 is-cropped wp-block-gallery-1 is-layout-flex wp-block-gallery-is-layout-flex\"><li class=\"blocks-gallery-item\"><figure><a href=\"https:\/\/www.magicblur.net\/site\/wp-content\/uploads\/2019\/08\/grahamgl.jpg\"><img loading=\"lazy\" decoding=\"async\" width=\"296\" height=\"249\" src=\"https:\/\/www.magicblur.net\/site\/wp-content\/uploads\/2019\/08\/grahamgl.jpg\" alt=\"\" data-id=\"1481\" data-link=\"https:\/\/www.magicblur.net\/site\/?attachment_id=1481\" class=\"wp-image-1481\"\/><\/a><\/figure><\/li><li class=\"blocks-gallery-item\"><figure><a href=\"https:\/\/www.magicblur.net\/site\/wp-content\/uploads\/2019\/08\/blur31.jpg\"><img loading=\"lazy\" decoding=\"async\" width=\"320\" height=\"240\" src=\"https:\/\/www.magicblur.net\/site\/wp-content\/uploads\/2019\/08\/blur31.jpg\" alt=\"\" data-id=\"1482\" data-link=\"https:\/\/www.magicblur.net\/site\/?attachment_id=1482\" class=\"wp-image-1482\" srcset=\"https:\/\/www.magicblur.net\/site\/wp-content\/uploads\/2019\/08\/blur31.jpg 320w, https:\/\/www.magicblur.net\/site\/wp-content\/uploads\/2019\/08\/blur31-300x225.jpg 300w\" sizes=\"auto, (max-width: 320px) 100vw, 320px\" \/><\/a><\/figure><\/li><li class=\"blocks-gallery-item\"><figure><a href=\"https:\/\/www.magicblur.net\/site\/wp-content\/uploads\/2019\/08\/concert.jpg\"><img loading=\"lazy\" decoding=\"async\" width=\"320\" height=\"240\" src=\"https:\/\/www.magicblur.net\/site\/wp-content\/uploads\/2019\/08\/concert.jpg\" alt=\"\" data-id=\"1483\" data-link=\"https:\/\/www.magicblur.net\/site\/?attachment_id=1483\" class=\"wp-image-1483\" srcset=\"https:\/\/www.magicblur.net\/site\/wp-content\/uploads\/2019\/08\/concert.jpg 320w, https:\/\/www.magicblur.net\/site\/wp-content\/uploads\/2019\/08\/concert-300x225.jpg 300w\" sizes=\"auto, (max-width: 320px) 100vw, 320px\" \/><\/a><\/figure><\/li><li class=\"blocks-gallery-item\"><figure><a href=\"https:\/\/www.magicblur.net\/site\/wp-content\/uploads\/2019\/08\/concert2.jpg\"><img loading=\"lazy\" decoding=\"async\" width=\"320\" height=\"240\" src=\"https:\/\/www.magicblur.net\/site\/wp-content\/uploads\/2019\/08\/concert2.jpg\" alt=\"\" data-id=\"1484\" data-link=\"https:\/\/www.magicblur.net\/site\/?attachment_id=1484\" class=\"wp-image-1484\" srcset=\"https:\/\/www.magicblur.net\/site\/wp-content\/uploads\/2019\/08\/concert2.jpg 320w, https:\/\/www.magicblur.net\/site\/wp-content\/uploads\/2019\/08\/concert2-300x225.jpg 300w\" sizes=\"auto, (max-width: 320px) 100vw, 320px\" \/><\/a><\/figure><\/li><li class=\"blocks-gallery-item\"><figure><a href=\"https:\/\/www.magicblur.net\/site\/wp-content\/uploads\/2019\/08\/concert3.jpg\"><img loading=\"lazy\" decoding=\"async\" width=\"320\" height=\"240\" src=\"https:\/\/www.magicblur.net\/site\/wp-content\/uploads\/2019\/08\/concert3.jpg\" alt=\"\" data-id=\"1485\" data-link=\"https:\/\/www.magicblur.net\/site\/?attachment_id=1485\" class=\"wp-image-1485\" srcset=\"https:\/\/www.magicblur.net\/site\/wp-content\/uploads\/2019\/08\/concert3.jpg 320w, https:\/\/www.magicblur.net\/site\/wp-content\/uploads\/2019\/08\/concert3-300x225.jpg 300w\" sizes=\"auto, (max-width: 320px) 100vw, 320px\" \/><\/a><\/figure><\/li><li class=\"blocks-gallery-item\"><figure><a href=\"https:\/\/www.magicblur.net\/site\/wp-content\/uploads\/2019\/08\/damgl.jpg\"><img loading=\"lazy\" decoding=\"async\" width=\"365\" height=\"287\" src=\"https:\/\/www.magicblur.net\/site\/wp-content\/uploads\/2019\/08\/damgl.jpg\" alt=\"\" data-id=\"1486\" data-link=\"https:\/\/www.magicblur.net\/site\/?attachment_id=1486\" class=\"wp-image-1486\" srcset=\"https:\/\/www.magicblur.net\/site\/wp-content\/uploads\/2019\/08\/damgl.jpg 365w, https:\/\/www.magicblur.net\/site\/wp-content\/uploads\/2019\/08\/damgl-300x236.jpg 300w\" sizes=\"auto, (max-width: 365px) 100vw, 365px\" \/><\/a><\/figure><\/li><li class=\"blocks-gallery-item\"><figure><a href=\"https:\/\/www.magicblur.net\/site\/wp-content\/uploads\/2019\/08\/damon1.jpg\"><img loading=\"lazy\" decoding=\"async\" width=\"346\" height=\"259\" src=\"https:\/\/www.magicblur.net\/site\/wp-content\/uploads\/2019\/08\/damon1.jpg\" alt=\"\" data-id=\"1487\" data-link=\"https:\/\/www.magicblur.net\/site\/?attachment_id=1487\" class=\"wp-image-1487\" srcset=\"https:\/\/www.magicblur.net\/site\/wp-content\/uploads\/2019\/08\/damon1.jpg 346w, https:\/\/www.magicblur.net\/site\/wp-content\/uploads\/2019\/08\/damon1-300x225.jpg 300w\" sizes=\"auto, (max-width: 346px) 100vw, 346px\" \/><\/a><\/figure><\/li><li class=\"blocks-gallery-item\"><figure><a href=\"https:\/\/www.magicblur.net\/site\/wp-content\/uploads\/2019\/08\/gl3.jpg\"><img loading=\"lazy\" decoding=\"async\" width=\"284\" height=\"240\" src=\"https:\/\/www.magicblur.net\/site\/wp-content\/uploads\/2019\/08\/gl3.jpg\" alt=\"\" data-id=\"1488\" data-link=\"https:\/\/www.magicblur.net\/site\/?attachment_id=1488\" class=\"wp-image-1488\"\/><\/a><\/figure><\/li><li class=\"blocks-gallery-item\"><figure><a href=\"https:\/\/www.magicblur.net\/site\/wp-content\/uploads\/2019\/08\/gl4.jpg\"><img loading=\"lazy\" decoding=\"async\" width=\"236\" height=\"233\" src=\"https:\/\/www.magicblur.net\/site\/wp-content\/uploads\/2019\/08\/gl4.jpg\" alt=\"\" data-id=\"1489\" data-link=\"https:\/\/www.magicblur.net\/site\/?attachment_id=1489\" class=\"wp-image-1489\"\/><\/a><\/figure><\/li><li class=\"blocks-gallery-item\"><figure><a href=\"https:\/\/www.magicblur.net\/site\/wp-content\/uploads\/2019\/08\/gl5.jpg\"><img loading=\"lazy\" decoding=\"async\" width=\"297\" height=\"255\" src=\"https:\/\/www.magicblur.net\/site\/wp-content\/uploads\/2019\/08\/gl5.jpg\" alt=\"\" data-id=\"1490\" data-link=\"https:\/\/www.magicblur.net\/site\/?attachment_id=1490\" class=\"wp-image-1490\"\/><\/a><\/figure><\/li><li class=\"blocks-gallery-item\"><figure><a href=\"https:\/\/www.magicblur.net\/site\/wp-content\/uploads\/2019\/08\/harmonica.jpg\"><img loading=\"lazy\" decoding=\"async\" width=\"360\" height=\"270\" src=\"https:\/\/www.magicblur.net\/site\/wp-content\/uploads\/2019\/08\/harmonica.jpg\" alt=\"\" data-id=\"1491\" data-link=\"https:\/\/www.magicblur.net\/site\/?attachment_id=1491\" class=\"wp-image-1491\" srcset=\"https:\/\/www.magicblur.net\/site\/wp-content\/uploads\/2019\/08\/harmonica.jpg 360w, https:\/\/www.magicblur.net\/site\/wp-content\/uploads\/2019\/08\/harmonica-300x225.jpg 300w\" sizes=\"auto, (max-width: 360px) 100vw, 360px\" \/><\/a><\/figure><\/li><li class=\"blocks-gallery-item\"><figure><a href=\"https:\/\/www.magicblur.net\/site\/wp-content\/uploads\/2019\/08\/nounours.jpg\"><img loading=\"lazy\" decoding=\"async\" width=\"320\" height=\"240\" src=\"https:\/\/www.magicblur.net\/site\/wp-content\/uploads\/2019\/08\/nounours.jpg\" alt=\"\" data-id=\"1492\" data-link=\"https:\/\/www.magicblur.net\/site\/?attachment_id=1492\" class=\"wp-image-1492\" srcset=\"https:\/\/www.magicblur.net\/site\/wp-content\/uploads\/2019\/08\/nounours.jpg 320w, https:\/\/www.magicblur.net\/site\/wp-content\/uploads\/2019\/08\/nounours-300x225.jpg 300w\" sizes=\"auto, (max-width: 320px) 100vw, 320px\" \/><\/a><\/figure><\/li><li class=\"blocks-gallery-item\"><figure><a href=\"https:\/\/www.magicblur.net\/site\/wp-content\/uploads\/2019\/08\/reading1.jpg\"><img loading=\"lazy\" decoding=\"async\" width=\"384\" height=\"288\" src=\"https:\/\/www.magicblur.net\/site\/wp-content\/uploads\/2019\/08\/reading1.jpg\" alt=\"\" data-id=\"1493\" data-link=\"https:\/\/www.magicblur.net\/site\/?attachment_id=1493\" class=\"wp-image-1493\" srcset=\"https:\/\/www.magicblur.net\/site\/wp-content\/uploads\/2019\/08\/reading1.jpg 384w, https:\/\/www.magicblur.net\/site\/wp-content\/uploads\/2019\/08\/reading1-300x225.jpg 300w\" sizes=\"auto, (max-width: 384px) 100vw, 384px\" \/><\/a><\/figure><\/li><li class=\"blocks-gallery-item\"><figure><a href=\"https:\/\/www.magicblur.net\/site\/wp-content\/uploads\/2019\/08\/reading2.jpg\"><img loading=\"lazy\" decoding=\"async\" width=\"384\" height=\"288\" src=\"https:\/\/www.magicblur.net\/site\/wp-content\/uploads\/2019\/08\/reading2.jpg\" alt=\"\" data-id=\"1494\" data-link=\"https:\/\/www.magicblur.net\/site\/?attachment_id=1494\" class=\"wp-image-1494\" srcset=\"https:\/\/www.magicblur.net\/site\/wp-content\/uploads\/2019\/08\/reading2.jpg 384w, https:\/\/www.magicblur.net\/site\/wp-content\/uploads\/2019\/08\/reading2-300x225.jpg 300w\" sizes=\"auto, (max-width: 384px) 100vw, 384px\" \/><\/a><\/figure><\/li><li class=\"blocks-gallery-item\"><figure><a href=\"https:\/\/www.magicblur.net\/site\/wp-content\/uploads\/2019\/08\/top1.jpg\"><img loading=\"lazy\" decoding=\"async\" width=\"320\" height=\"240\" src=\"https:\/\/www.magicblur.net\/site\/wp-content\/uploads\/2019\/08\/top1.jpg\" alt=\"\" data-id=\"1495\" data-link=\"https:\/\/www.magicblur.net\/site\/?attachment_id=1495\" class=\"wp-image-1495\" srcset=\"https:\/\/www.magicblur.net\/site\/wp-content\/uploads\/2019\/08\/top1.jpg 320w, https:\/\/www.magicblur.net\/site\/wp-content\/uploads\/2019\/08\/top1-300x225.jpg 300w\" sizes=\"auto, (max-width: 320px) 100vw, 320px\" \/><\/a><\/figure><\/li><li class=\"blocks-gallery-item\"><figure><a href=\"https:\/\/www.magicblur.net\/site\/wp-content\/uploads\/2019\/08\/top4.jpg\"><img loading=\"lazy\" decoding=\"async\" width=\"320\" height=\"240\" src=\"https:\/\/www.magicblur.net\/site\/wp-content\/uploads\/2019\/08\/top4.jpg\" alt=\"\" data-id=\"1496\" data-link=\"https:\/\/www.magicblur.net\/site\/?attachment_id=1496\" class=\"wp-image-1496\" srcset=\"https:\/\/www.magicblur.net\/site\/wp-content\/uploads\/2019\/08\/top4.jpg 320w, https:\/\/www.magicblur.net\/site\/wp-content\/uploads\/2019\/08\/top4-300x225.jpg 300w\" sizes=\"auto, (max-width: 320px) 100vw, 320px\" \/><\/a><\/figure><\/li><li class=\"blocks-gallery-item\"><figure><a href=\"https:\/\/www.magicblur.net\/site\/wp-content\/uploads\/2019\/08\/vids_cduk3.jpg\"><img loading=\"lazy\" decoding=\"async\" width=\"320\" height=\"240\" src=\"https:\/\/www.magicblur.net\/site\/wp-content\/uploads\/2019\/08\/vids_cduk3.jpg\" alt=\"\" data-id=\"1497\" data-link=\"https:\/\/www.magicblur.net\/site\/?attachment_id=1497\" class=\"wp-image-1497\" srcset=\"https:\/\/www.magicblur.net\/site\/wp-content\/uploads\/2019\/08\/vids_cduk3.jpg 320w, https:\/\/www.magicblur.net\/site\/wp-content\/uploads\/2019\/08\/vids_cduk3-300x225.jpg 300w\" sizes=\"auto, (max-width: 320px) 100vw, 320px\" \/><\/a><\/figure><\/li><\/ul>\n","protected":false},"excerpt":{"rendered":"<p>Captures d&rsquo;\u00e9crans tir\u00e9es d&rsquo;\u00e9missions britanniques \u00a0<\/p>\n","protected":false},"author":1,"featured_media":0,"parent":0,"menu_order":0,"comment_status":"closed","ping_status":"closed","template":"","meta":{"footnotes":""},"class_list":["post-1480","page","type-page","status-publish","hentry"],"yoast_head":"<!-- This site is optimized with the Yoast SEO plugin v26.3 - https:\/\/yoast.com\/wordpress\/plugins\/seo\/ -->\n<title>TV UK - magicblur.net :: un site en fran\u00e7ais sur blur<\/title>\n<meta name=\"robots\" content=\"index, follow, max-snippet:-1, max-image-preview:large, max-video-preview:-1\" \/>\n<link rel=\"canonical\" href=\"https:\/\/www.magicblur.net\/site\/tv-uk\" \/>\n<meta property=\"og:locale\" content=\"fr_FR\" \/>\n<meta property=\"og:type\" content=\"article\" \/>\n<meta property=\"og:title\" content=\"TV UK - magicblur.net :: un site en fran\u00e7ais sur blur\" \/>\n<meta property=\"og:description\" content=\"Captures d&rsquo;\u00e9crans tir\u00e9es d&rsquo;\u00e9missions britanniques \u00a0\" \/>\n<meta property=\"og:url\" content=\"https:\/\/www.magicblur.net\/site\/tv-uk\" \/>\n<meta property=\"og:site_name\" content=\"magicblur.net :: un site en fran\u00e7ais sur blur\" \/>\n<meta property=\"og:image\" content=\"https:\/\/www.magicblur.net\/site\/wp-content\/uploads\/2019\/08\/grahamgl.jpg\" \/>\n<meta name=\"twitter:card\" content=\"summary_large_image\" \/>\n<script type=\"application\/ld+json\" class=\"yoast-schema-graph\">{\"@context\":\"https:\/\/schema.org\",\"@graph\":[{\"@type\":\"WebPage\",\"@id\":\"https:\/\/www.magicblur.net\/site\/tv-uk\",\"url\":\"https:\/\/www.magicblur.net\/site\/tv-uk\",\"name\":\"TV UK - magicblur.net :: un site en fran\u00e7ais sur blur\",\"isPartOf\":{\"@id\":\"\/#website\"},\"primaryImageOfPage\":{\"@id\":\"https:\/\/www.magicblur.net\/site\/tv-uk#primaryimage\"},\"image\":{\"@id\":\"https:\/\/www.magicblur.net\/site\/tv-uk#primaryimage\"},\"thumbnailUrl\":\"https:\/\/www.magicblur.net\/site\/wp-content\/uploads\/2019\/08\/grahamgl.jpg\",\"datePublished\":\"2019-08-26T17:36:17+00:00\",\"inLanguage\":\"fr-FR\",\"potentialAction\":[{\"@type\":\"ReadAction\",\"target\":[\"https:\/\/www.magicblur.net\/site\/tv-uk\"]}]},{\"@type\":\"ImageObject\",\"inLanguage\":\"fr-FR\",\"@id\":\"https:\/\/www.magicblur.net\/site\/tv-uk#primaryimage\",\"url\":\"https:\/\/www.magicblur.net\/site\/wp-content\/uploads\/2019\/08\/grahamgl.jpg\",\"contentUrl\":\"https:\/\/www.magicblur.net\/site\/wp-content\/uploads\/2019\/08\/grahamgl.jpg\"},{\"@type\":\"WebSite\",\"@id\":\"\/#website\",\"url\":\"\/\",\"name\":\"magicblur.net :: un site en fran\u00e7ais sur blur\",\"description\":\"Un site en fran\u00e7ais sur blur\",\"potentialAction\":[{\"@type\":\"SearchAction\",\"target\":{\"@type\":\"EntryPoint\",\"urlTemplate\":\"\/?s={search_term_string}\"},\"query-input\":{\"@type\":\"PropertyValueSpecification\",\"valueRequired\":true,\"valueName\":\"search_term_string\"}}],\"inLanguage\":\"fr-FR\"}]}<\/script>\n<!-- \/ Yoast SEO plugin. -->","yoast_head_json":{"title":"TV UK - magicblur.net :: un site en fran\u00e7ais sur blur","robots":{"index":"index","follow":"follow","max-snippet":"max-snippet:-1","max-image-preview":"max-image-preview:large","max-video-preview":"max-video-preview:-1"},"canonical":"https:\/\/www.magicblur.net\/site\/tv-uk","og_locale":"fr_FR","og_type":"article","og_title":"TV UK - magicblur.net :: un site en fran\u00e7ais sur blur","og_description":"Captures d&rsquo;\u00e9crans tir\u00e9es d&rsquo;\u00e9missions britanniques \u00a0","og_url":"https:\/\/www.magicblur.net\/site\/tv-uk","og_site_name":"magicblur.net :: un site en fran\u00e7ais sur blur","og_image":[{"url":"https:\/\/www.magicblur.net\/site\/wp-content\/uploads\/2019\/08\/grahamgl.jpg","type":"","width":"","height":""}],"twitter_card":"summary_large_image","schema":{"@context":"https:\/\/schema.org","@graph":[{"@type":"WebPage","@id":"https:\/\/www.magicblur.net\/site\/tv-uk","url":"https:\/\/www.magicblur.net\/site\/tv-uk","name":"TV UK - magicblur.net :: un site en fran\u00e7ais sur blur","isPartOf":{"@id":"\/#website"},"primaryImageOfPage":{"@id":"https:\/\/www.magicblur.net\/site\/tv-uk#primaryimage"},"image":{"@id":"https:\/\/www.magicblur.net\/site\/tv-uk#primaryimage"},"thumbnailUrl":"https:\/\/www.magicblur.net\/site\/wp-content\/uploads\/2019\/08\/grahamgl.jpg","datePublished":"2019-08-26T17:36:17+00:00","inLanguage":"fr-FR","potentialAction":[{"@type":"ReadAction","target":["https:\/\/www.magicblur.net\/site\/tv-uk"]}]},{"@type":"ImageObject","inLanguage":"fr-FR","@id":"https:\/\/www.magicblur.net\/site\/tv-uk#primaryimage","url":"https:\/\/www.magicblur.net\/site\/wp-content\/uploads\/2019\/08\/grahamgl.jpg","contentUrl":"https:\/\/www.magicblur.net\/site\/wp-content\/uploads\/2019\/08\/grahamgl.jpg"},{"@type":"WebSite","@id":"\/#website","url":"\/","name":"magicblur.net :: un site en fran\u00e7ais sur blur","description":"Un site en fran\u00e7ais sur blur","potentialAction":[{"@type":"SearchAction","target":{"@type":"EntryPoint","urlTemplate":"\/?s={search_term_string}"},"query-input":{"@type":"PropertyValueSpecification","valueRequired":true,"valueName":"search_term_string"}}],"inLanguage":"fr-FR"}]}},"_links":{"self":[{"href":"https:\/\/www.magicblur.net\/site\/wp-json\/wp\/v2\/pages\/1480","targetHints":{"allow":["GET"]}}],"collection":[{"href":"https:\/\/www.magicblur.net\/site\/wp-json\/wp\/v2\/pages"}],"about":[{"href":"https:\/\/www.magicblur.net\/site\/wp-json\/wp\/v2\/types\/page"}],"author":[{"embeddable":true,"href":"https:\/\/www.magicblur.net\/site\/wp-json\/wp\/v2\/users\/1"}],"replies":[{"embeddable":true,"href":"https:\/\/www.magicblur.net\/site\/wp-json\/wp\/v2\/comments?post=1480"}],"version-history":[{"count":1,"href":"https:\/\/www.magicblur.net\/site\/wp-json\/wp\/v2\/pages\/1480\/revisions"}],"predecessor-version":[{"id":1498,"href":"https:\/\/www.magicblur.net\/site\/wp-json\/wp\/v2\/pages\/1480\/revisions\/1498"}],"wp:attachment":[{"href":"https:\/\/www.magicblur.net\/site\/wp-json\/wp\/v2\/media?parent=1480"}],"curies":[{"name":"wp","href":"https:\/\/api.w.org\/{rel}","templated":true}]}}