{"id":1462,"date":"2019-08-26T18:35:30","date_gmt":"2019-08-26T17:35:30","guid":{"rendered":"http:\/\/www.magicblur.net\/site\/?page_id=1462"},"modified":"2019-08-26T18:35:30","modified_gmt":"2019-08-26T17:35:30","slug":"tv-france","status":"publish","type":"page","link":"https:\/\/www.magicblur.net\/site\/tv-france","title":{"rendered":"TV France"},"content":{"rendered":"\n<div class=\"gallery-albums\">\n<div class=\"gallery-album\">\n<p>Captures d&rsquo;\u00e9crans tir\u00e9es d&rsquo;\u00e9missions fran\u00e7aises<\/p>\n<\/div>\n<\/div>\n\n\n\n<ul class=\"wp-block-gallery columns-2 is-cropped wp-block-gallery-1 is-layout-flex wp-block-gallery-is-layout-flex\"><li class=\"blocks-gallery-item\"><figure><a href=\"https:\/\/www.magicblur.net\/site\/wp-content\/uploads\/2019\/08\/npa5.jpg\"><img loading=\"lazy\" decoding=\"async\" width=\"267\" height=\"240\" src=\"https:\/\/www.magicblur.net\/site\/wp-content\/uploads\/2019\/08\/npa5.jpg\" alt=\"\" data-id=\"1463\" data-link=\"https:\/\/www.magicblur.net\/site\/?attachment_id=1463\" class=\"wp-image-1463\"\/><\/a><\/figure><\/li><li class=\"blocks-gallery-item\"><figure><a href=\"https:\/\/www.magicblur.net\/site\/wp-content\/uploads\/2019\/08\/0405trafic-1.jpg\"><img loading=\"lazy\" decoding=\"async\" width=\"384\" height=\"288\" src=\"https:\/\/www.magicblur.net\/site\/wp-content\/uploads\/2019\/08\/0405trafic-1.jpg\" alt=\"\" data-id=\"1464\" data-link=\"https:\/\/www.magicblur.net\/site\/?attachment_id=1464\" class=\"wp-image-1464\" srcset=\"https:\/\/www.magicblur.net\/site\/wp-content\/uploads\/2019\/08\/0405trafic-1.jpg 384w, https:\/\/www.magicblur.net\/site\/wp-content\/uploads\/2019\/08\/0405trafic-1-300x225.jpg 300w\" sizes=\"auto, (max-width: 384px) 100vw, 384px\" \/><\/a><\/figure><\/li><li class=\"blocks-gallery-item\"><figure><a href=\"https:\/\/www.magicblur.net\/site\/wp-content\/uploads\/2019\/08\/0405trafic-2.jpg\"><img loading=\"lazy\" decoding=\"async\" width=\"384\" height=\"288\" src=\"https:\/\/www.magicblur.net\/site\/wp-content\/uploads\/2019\/08\/0405trafic-2.jpg\" alt=\"\" data-id=\"1465\" data-link=\"https:\/\/www.magicblur.net\/site\/?attachment_id=1465\" class=\"wp-image-1465\" srcset=\"https:\/\/www.magicblur.net\/site\/wp-content\/uploads\/2019\/08\/0405trafic-2.jpg 384w, https:\/\/www.magicblur.net\/site\/wp-content\/uploads\/2019\/08\/0405trafic-2-300x225.jpg 300w\" sizes=\"auto, (max-width: 384px) 100vw, 384px\" \/><\/a><\/figure><\/li><li class=\"blocks-gallery-item\"><figure><a href=\"https:\/\/www.magicblur.net\/site\/wp-content\/uploads\/2019\/08\/atrafic3.jpg\"><img loading=\"lazy\" decoding=\"async\" width=\"320\" height=\"194\" src=\"https:\/\/www.magicblur.net\/site\/wp-content\/uploads\/2019\/08\/atrafic3.jpg\" alt=\"\" data-id=\"1466\" data-link=\"https:\/\/www.magicblur.net\/site\/?attachment_id=1466\" class=\"wp-image-1466\" srcset=\"https:\/\/www.magicblur.net\/site\/wp-content\/uploads\/2019\/08\/atrafic3.jpg 320w, https:\/\/www.magicblur.net\/site\/wp-content\/uploads\/2019\/08\/atrafic3-300x182.jpg 300w\" sizes=\"auto, (max-width: 320px) 100vw, 320px\" \/><\/a><\/figure><\/li><li class=\"blocks-gallery-item\"><figure><a href=\"https:\/\/www.magicblur.net\/site\/wp-content\/uploads\/2019\/08\/canal01.jpg\"><img loading=\"lazy\" decoding=\"async\" width=\"320\" height=\"240\" src=\"https:\/\/www.magicblur.net\/site\/wp-content\/uploads\/2019\/08\/canal01.jpg\" alt=\"\" data-id=\"1467\" data-link=\"https:\/\/www.magicblur.net\/site\/?attachment_id=1467\" class=\"wp-image-1467\" srcset=\"https:\/\/www.magicblur.net\/site\/wp-content\/uploads\/2019\/08\/canal01.jpg 320w, https:\/\/www.magicblur.net\/site\/wp-content\/uploads\/2019\/08\/canal01-300x225.jpg 300w\" sizes=\"auto, (max-width: 320px) 100vw, 320px\" \/><\/a><\/figure><\/li><li class=\"blocks-gallery-item\"><figure><a href=\"https:\/\/www.magicblur.net\/site\/wp-content\/uploads\/2019\/08\/hit6.jpg\"><img loading=\"lazy\" decoding=\"async\" width=\"320\" height=\"240\" src=\"https:\/\/www.magicblur.net\/site\/wp-content\/uploads\/2019\/08\/hit6.jpg\" alt=\"\" data-id=\"1468\" data-link=\"https:\/\/www.magicblur.net\/site\/?attachment_id=1468\" class=\"wp-image-1468\" srcset=\"https:\/\/www.magicblur.net\/site\/wp-content\/uploads\/2019\/08\/hit6.jpg 320w, https:\/\/www.magicblur.net\/site\/wp-content\/uploads\/2019\/08\/hit6-300x225.jpg 300w\" sizes=\"auto, (max-width: 320px) 100vw, 320px\" \/><\/a><\/figure><\/li><li class=\"blocks-gallery-item\"><figure><a href=\"https:\/\/www.magicblur.net\/site\/wp-content\/uploads\/2019\/08\/hit7.jpg\"><img loading=\"lazy\" decoding=\"async\" width=\"320\" height=\"240\" src=\"https:\/\/www.magicblur.net\/site\/wp-content\/uploads\/2019\/08\/hit7.jpg\" alt=\"\" data-id=\"1469\" data-link=\"https:\/\/www.magicblur.net\/site\/?attachment_id=1469\" class=\"wp-image-1469\" srcset=\"https:\/\/www.magicblur.net\/site\/wp-content\/uploads\/2019\/08\/hit7.jpg 320w, https:\/\/www.magicblur.net\/site\/wp-content\/uploads\/2019\/08\/hit7-300x225.jpg 300w\" sizes=\"auto, (max-width: 320px) 100vw, 320px\" \/><\/a><\/figure><\/li><li class=\"blocks-gallery-item\"><figure><a href=\"https:\/\/www.magicblur.net\/site\/wp-content\/uploads\/2019\/08\/hit8.jpg\"><img loading=\"lazy\" decoding=\"async\" width=\"320\" height=\"240\" src=\"https:\/\/www.magicblur.net\/site\/wp-content\/uploads\/2019\/08\/hit8.jpg\" alt=\"\" data-id=\"1470\" data-link=\"https:\/\/www.magicblur.net\/site\/?attachment_id=1470\" class=\"wp-image-1470\" srcset=\"https:\/\/www.magicblur.net\/site\/wp-content\/uploads\/2019\/08\/hit8.jpg 320w, https:\/\/www.magicblur.net\/site\/wp-content\/uploads\/2019\/08\/hit8-300x225.jpg 300w\" sizes=\"auto, (max-width: 320px) 100vw, 320px\" \/><\/a><\/figure><\/li><li class=\"blocks-gallery-item\"><figure><a href=\"https:\/\/www.magicblur.net\/site\/wp-content\/uploads\/2019\/08\/hit9.jpg\"><img loading=\"lazy\" decoding=\"async\" width=\"320\" height=\"240\" src=\"https:\/\/www.magicblur.net\/site\/wp-content\/uploads\/2019\/08\/hit9.jpg\" alt=\"\" data-id=\"1471\" data-link=\"https:\/\/www.magicblur.net\/site\/?attachment_id=1471\" class=\"wp-image-1471\" srcset=\"https:\/\/www.magicblur.net\/site\/wp-content\/uploads\/2019\/08\/hit9.jpg 320w, https:\/\/www.magicblur.net\/site\/wp-content\/uploads\/2019\/08\/hit9-300x225.jpg 300w\" sizes=\"auto, (max-width: 320px) 100vw, 320px\" \/><\/a><\/figure><\/li><li class=\"blocks-gallery-item\"><figure><a href=\"https:\/\/www.magicblur.net\/site\/wp-content\/uploads\/2019\/08\/hit21.jpg\"><img loading=\"lazy\" decoding=\"async\" width=\"320\" height=\"240\" src=\"https:\/\/www.magicblur.net\/site\/wp-content\/uploads\/2019\/08\/hit21.jpg\" alt=\"\" data-id=\"1472\" data-link=\"https:\/\/www.magicblur.net\/site\/?attachment_id=1472\" class=\"wp-image-1472\" srcset=\"https:\/\/www.magicblur.net\/site\/wp-content\/uploads\/2019\/08\/hit21.jpg 320w, https:\/\/www.magicblur.net\/site\/wp-content\/uploads\/2019\/08\/hit21-300x225.jpg 300w\" sizes=\"auto, (max-width: 320px) 100vw, 320px\" \/><\/a><\/figure><\/li><li class=\"blocks-gallery-item\"><figure><a href=\"https:\/\/www.magicblur.net\/site\/wp-content\/uploads\/2019\/08\/hitda1.jpg\"><img loading=\"lazy\" decoding=\"async\" width=\"289\" height=\"216\" src=\"https:\/\/www.magicblur.net\/site\/wp-content\/uploads\/2019\/08\/hitda1.jpg\" alt=\"\" data-id=\"1473\" data-link=\"https:\/\/www.magicblur.net\/site\/?attachment_id=1473\" class=\"wp-image-1473\"\/><\/a><\/figure><\/li><li class=\"blocks-gallery-item\"><figure><a href=\"https:\/\/www.magicblur.net\/site\/wp-content\/uploads\/2019\/08\/npa1.jpg\"><img loading=\"lazy\" decoding=\"async\" width=\"320\" height=\"240\" src=\"https:\/\/www.magicblur.net\/site\/wp-content\/uploads\/2019\/08\/npa1.jpg\" alt=\"\" data-id=\"1474\" data-link=\"https:\/\/www.magicblur.net\/site\/?attachment_id=1474\" class=\"wp-image-1474\" srcset=\"https:\/\/www.magicblur.net\/site\/wp-content\/uploads\/2019\/08\/npa1.jpg 320w, https:\/\/www.magicblur.net\/site\/wp-content\/uploads\/2019\/08\/npa1-300x225.jpg 300w\" sizes=\"auto, (max-width: 320px) 100vw, 320px\" \/><\/a><\/figure><\/li><li class=\"blocks-gallery-item\"><figure><a href=\"https:\/\/www.magicblur.net\/site\/wp-content\/uploads\/2019\/08\/npa2.jpg\"><img loading=\"lazy\" decoding=\"async\" width=\"372\" height=\"274\" src=\"https:\/\/www.magicblur.net\/site\/wp-content\/uploads\/2019\/08\/npa2.jpg\" alt=\"\" data-id=\"1475\" data-link=\"https:\/\/www.magicblur.net\/site\/?attachment_id=1475\" class=\"wp-image-1475\" srcset=\"https:\/\/www.magicblur.net\/site\/wp-content\/uploads\/2019\/08\/npa2.jpg 372w, https:\/\/www.magicblur.net\/site\/wp-content\/uploads\/2019\/08\/npa2-300x221.jpg 300w\" sizes=\"auto, (max-width: 372px) 100vw, 372px\" \/><\/a><\/figure><\/li><li class=\"blocks-gallery-item\"><figure><a href=\"https:\/\/www.magicblur.net\/site\/wp-content\/uploads\/2019\/08\/npa4.jpg\"><img loading=\"lazy\" decoding=\"async\" width=\"334\" height=\"258\" src=\"https:\/\/www.magicblur.net\/site\/wp-content\/uploads\/2019\/08\/npa4.jpg\" alt=\"\" data-id=\"1476\" data-link=\"https:\/\/www.magicblur.net\/site\/?attachment_id=1476\" class=\"wp-image-1476\" srcset=\"https:\/\/www.magicblur.net\/site\/wp-content\/uploads\/2019\/08\/npa4.jpg 334w, https:\/\/www.magicblur.net\/site\/wp-content\/uploads\/2019\/08\/npa4-300x232.jpg 300w\" sizes=\"auto, (max-width: 334px) 100vw, 334px\" \/><\/a><\/figure><\/li><li class=\"blocks-gallery-item\"><figure><a href=\"https:\/\/www.magicblur.net\/site\/wp-content\/uploads\/2019\/08\/npa6.jpg\"><img loading=\"lazy\" decoding=\"async\" width=\"320\" height=\"240\" src=\"https:\/\/www.magicblur.net\/site\/wp-content\/uploads\/2019\/08\/npa6.jpg\" alt=\"\" data-id=\"1477\" data-link=\"https:\/\/www.magicblur.net\/site\/?attachment_id=1477\" class=\"wp-image-1477\" srcset=\"https:\/\/www.magicblur.net\/site\/wp-content\/uploads\/2019\/08\/npa6.jpg 320w, https:\/\/www.magicblur.net\/site\/wp-content\/uploads\/2019\/08\/npa6-300x225.jpg 300w\" sizes=\"auto, (max-width: 320px) 100vw, 320px\" \/><\/a><\/figure><\/li><li class=\"blocks-gallery-item\"><figure><a href=\"https:\/\/www.magicblur.net\/site\/wp-content\/uploads\/2019\/08\/npa7.jpg\"><img loading=\"lazy\" decoding=\"async\" width=\"334\" height=\"254\" src=\"https:\/\/www.magicblur.net\/site\/wp-content\/uploads\/2019\/08\/npa7.jpg\" alt=\"\" data-id=\"1478\" data-link=\"https:\/\/www.magicblur.net\/site\/?attachment_id=1478\" class=\"wp-image-1478\" srcset=\"https:\/\/www.magicblur.net\/site\/wp-content\/uploads\/2019\/08\/npa7.jpg 334w, https:\/\/www.magicblur.net\/site\/wp-content\/uploads\/2019\/08\/npa7-300x228.jpg 300w\" sizes=\"auto, (max-width: 334px) 100vw, 334px\" \/><\/a><\/figure><\/li><\/ul>\n","protected":false},"excerpt":{"rendered":"<p>Captures d&rsquo;\u00e9crans tir\u00e9es d&rsquo;\u00e9missions fran\u00e7aises<\/p>\n","protected":false},"author":1,"featured_media":0,"parent":0,"menu_order":0,"comment_status":"closed","ping_status":"closed","template":"","meta":{"footnotes":""},"class_list":["post-1462","page","type-page","status-publish","hentry"],"yoast_head":"<!-- This site is optimized with the Yoast SEO plugin v26.3 - https:\/\/yoast.com\/wordpress\/plugins\/seo\/ -->\n<title>TV France - magicblur.net :: un site en fran\u00e7ais sur blur<\/title>\n<meta name=\"robots\" content=\"index, follow, max-snippet:-1, max-image-preview:large, max-video-preview:-1\" \/>\n<link rel=\"canonical\" href=\"https:\/\/www.magicblur.net\/site\/tv-france\" \/>\n<meta property=\"og:locale\" content=\"fr_FR\" \/>\n<meta property=\"og:type\" content=\"article\" \/>\n<meta property=\"og:title\" content=\"TV France - magicblur.net :: un site en fran\u00e7ais sur blur\" \/>\n<meta property=\"og:description\" content=\"Captures d&rsquo;\u00e9crans tir\u00e9es d&rsquo;\u00e9missions fran\u00e7aises\" \/>\n<meta property=\"og:url\" content=\"https:\/\/www.magicblur.net\/site\/tv-france\" \/>\n<meta property=\"og:site_name\" content=\"magicblur.net :: un site en fran\u00e7ais sur blur\" \/>\n<meta property=\"og:image\" content=\"https:\/\/www.magicblur.net\/site\/wp-content\/uploads\/2019\/08\/npa5.jpg\" \/>\n<meta name=\"twitter:card\" content=\"summary_large_image\" \/>\n<script type=\"application\/ld+json\" class=\"yoast-schema-graph\">{\"@context\":\"https:\/\/schema.org\",\"@graph\":[{\"@type\":\"WebPage\",\"@id\":\"https:\/\/www.magicblur.net\/site\/tv-france\",\"url\":\"https:\/\/www.magicblur.net\/site\/tv-france\",\"name\":\"TV France - magicblur.net :: un site en fran\u00e7ais sur blur\",\"isPartOf\":{\"@id\":\"\/#website\"},\"primaryImageOfPage\":{\"@id\":\"https:\/\/www.magicblur.net\/site\/tv-france#primaryimage\"},\"image\":{\"@id\":\"https:\/\/www.magicblur.net\/site\/tv-france#primaryimage\"},\"thumbnailUrl\":\"https:\/\/www.magicblur.net\/site\/wp-content\/uploads\/2019\/08\/npa5.jpg\",\"datePublished\":\"2019-08-26T17:35:30+00:00\",\"inLanguage\":\"fr-FR\",\"potentialAction\":[{\"@type\":\"ReadAction\",\"target\":[\"https:\/\/www.magicblur.net\/site\/tv-france\"]}]},{\"@type\":\"ImageObject\",\"inLanguage\":\"fr-FR\",\"@id\":\"https:\/\/www.magicblur.net\/site\/tv-france#primaryimage\",\"url\":\"https:\/\/www.magicblur.net\/site\/wp-content\/uploads\/2019\/08\/npa5.jpg\",\"contentUrl\":\"https:\/\/www.magicblur.net\/site\/wp-content\/uploads\/2019\/08\/npa5.jpg\"},{\"@type\":\"WebSite\",\"@id\":\"\/#website\",\"url\":\"\/\",\"name\":\"magicblur.net :: un site en fran\u00e7ais sur blur\",\"description\":\"Un site en fran\u00e7ais sur blur\",\"potentialAction\":[{\"@type\":\"SearchAction\",\"target\":{\"@type\":\"EntryPoint\",\"urlTemplate\":\"\/?s={search_term_string}\"},\"query-input\":{\"@type\":\"PropertyValueSpecification\",\"valueRequired\":true,\"valueName\":\"search_term_string\"}}],\"inLanguage\":\"fr-FR\"}]}<\/script>\n<!-- \/ Yoast SEO plugin. -->","yoast_head_json":{"title":"TV France - magicblur.net :: un site en fran\u00e7ais sur blur","robots":{"index":"index","follow":"follow","max-snippet":"max-snippet:-1","max-image-preview":"max-image-preview:large","max-video-preview":"max-video-preview:-1"},"canonical":"https:\/\/www.magicblur.net\/site\/tv-france","og_locale":"fr_FR","og_type":"article","og_title":"TV France - magicblur.net :: un site en fran\u00e7ais sur blur","og_description":"Captures d&rsquo;\u00e9crans tir\u00e9es d&rsquo;\u00e9missions fran\u00e7aises","og_url":"https:\/\/www.magicblur.net\/site\/tv-france","og_site_name":"magicblur.net :: un site en fran\u00e7ais sur blur","og_image":[{"url":"https:\/\/www.magicblur.net\/site\/wp-content\/uploads\/2019\/08\/npa5.jpg","type":"","width":"","height":""}],"twitter_card":"summary_large_image","schema":{"@context":"https:\/\/schema.org","@graph":[{"@type":"WebPage","@id":"https:\/\/www.magicblur.net\/site\/tv-france","url":"https:\/\/www.magicblur.net\/site\/tv-france","name":"TV France - magicblur.net :: un site en fran\u00e7ais sur blur","isPartOf":{"@id":"\/#website"},"primaryImageOfPage":{"@id":"https:\/\/www.magicblur.net\/site\/tv-france#primaryimage"},"image":{"@id":"https:\/\/www.magicblur.net\/site\/tv-france#primaryimage"},"thumbnailUrl":"https:\/\/www.magicblur.net\/site\/wp-content\/uploads\/2019\/08\/npa5.jpg","datePublished":"2019-08-26T17:35:30+00:00","inLanguage":"fr-FR","potentialAction":[{"@type":"ReadAction","target":["https:\/\/www.magicblur.net\/site\/tv-france"]}]},{"@type":"ImageObject","inLanguage":"fr-FR","@id":"https:\/\/www.magicblur.net\/site\/tv-france#primaryimage","url":"https:\/\/www.magicblur.net\/site\/wp-content\/uploads\/2019\/08\/npa5.jpg","contentUrl":"https:\/\/www.magicblur.net\/site\/wp-content\/uploads\/2019\/08\/npa5.jpg"},{"@type":"WebSite","@id":"\/#website","url":"\/","name":"magicblur.net :: un site en fran\u00e7ais sur blur","description":"Un site en fran\u00e7ais sur blur","potentialAction":[{"@type":"SearchAction","target":{"@type":"EntryPoint","urlTemplate":"\/?s={search_term_string}"},"query-input":{"@type":"PropertyValueSpecification","valueRequired":true,"valueName":"search_term_string"}}],"inLanguage":"fr-FR"}]}},"_links":{"self":[{"href":"https:\/\/www.magicblur.net\/site\/wp-json\/wp\/v2\/pages\/1462","targetHints":{"allow":["GET"]}}],"collection":[{"href":"https:\/\/www.magicblur.net\/site\/wp-json\/wp\/v2\/pages"}],"about":[{"href":"https:\/\/www.magicblur.net\/site\/wp-json\/wp\/v2\/types\/page"}],"author":[{"embeddable":true,"href":"https:\/\/www.magicblur.net\/site\/wp-json\/wp\/v2\/users\/1"}],"replies":[{"embeddable":true,"href":"https:\/\/www.magicblur.net\/site\/wp-json\/wp\/v2\/comments?post=1462"}],"version-history":[{"count":1,"href":"https:\/\/www.magicblur.net\/site\/wp-json\/wp\/v2\/pages\/1462\/revisions"}],"predecessor-version":[{"id":1479,"href":"https:\/\/www.magicblur.net\/site\/wp-json\/wp\/v2\/pages\/1462\/revisions\/1479"}],"wp:attachment":[{"href":"https:\/\/www.magicblur.net\/site\/wp-json\/wp\/v2\/media?parent=1462"}],"curies":[{"name":"wp","href":"https:\/\/api.w.org\/{rel}","templated":true}]}}