{"id":1441,"date":"2019-08-26T18:32:13","date_gmt":"2019-08-26T17:32:13","guid":{"rendered":"http:\/\/www.magicblur.net\/site\/?page_id=1441"},"modified":"2024-11-11T09:05:03","modified_gmt":"2024-11-11T08:05:03","slug":"13-tour","status":"publish","type":"page","link":"https:\/\/www.magicblur.net\/site\/13-tour","title":{"rendered":"13 Tour"},"content":{"rendered":"\n<p>Photos de la tourn\u00e9e 13, 1999<\/p>\n<p>Cr\u00e9dits indiqu\u00e9s sur les photos<\/p>\n\n\n\n<ul class=\"wp-block-gallery columns-3 is-cropped wp-block-gallery-1 is-layout-flex wp-block-gallery-is-layout-flex\"><li class=\"blocks-gallery-item\"><figure><a href=\"https:\/\/www.magicblur.net\/site\/wp-content\/uploads\/2019\/08\/damonmaryse.jpg\"><img loading=\"lazy\" decoding=\"async\" width=\"360\" height=\"232\" src=\"https:\/\/www.magicblur.net\/site\/wp-content\/uploads\/2019\/08\/damonmaryse.jpg\" alt=\"\" data-id=\"1442\" data-link=\"https:\/\/www.magicblur.net\/site\/?attachment_id=1442\" class=\"wp-image-1442\" srcset=\"https:\/\/www.magicblur.net\/site\/wp-content\/uploads\/2019\/08\/damonmaryse.jpg 360w, https:\/\/www.magicblur.net\/site\/wp-content\/uploads\/2019\/08\/damonmaryse-300x193.jpg 300w\" sizes=\"auto, (max-width: 360px) 100vw, 360px\" \/><\/a><\/figure><\/li><li class=\"blocks-gallery-item\"><figure><a href=\"https:\/\/www.magicblur.net\/site\/wp-content\/uploads\/2019\/08\/davemaryse.jpg\"><img loading=\"lazy\" decoding=\"async\" width=\"225\" height=\"338\" src=\"https:\/\/www.magicblur.net\/site\/wp-content\/uploads\/2019\/08\/davemaryse.jpg\" alt=\"\" data-id=\"1443\" data-link=\"https:\/\/www.magicblur.net\/site\/?attachment_id=1443\" class=\"wp-image-1443\" srcset=\"https:\/\/www.magicblur.net\/site\/wp-content\/uploads\/2019\/08\/davemaryse.jpg 225w, https:\/\/www.magicblur.net\/site\/wp-content\/uploads\/2019\/08\/davemaryse-200x300.jpg 200w\" sizes=\"auto, (max-width: 225px) 100vw, 225px\" \/><\/a><\/figure><\/li><li class=\"blocks-gallery-item\"><figure><a href=\"https:\/\/www.magicblur.net\/site\/wp-content\/uploads\/2019\/08\/ldralex.jpg\"><img loading=\"lazy\" decoding=\"async\" width=\"506\" height=\"324\" src=\"https:\/\/www.magicblur.net\/site\/wp-content\/uploads\/2019\/08\/ldralex.jpg\" alt=\"\" data-id=\"1444\" data-link=\"https:\/\/www.magicblur.net\/site\/?attachment_id=1444\" class=\"wp-image-1444\" srcset=\"https:\/\/www.magicblur.net\/site\/wp-content\/uploads\/2019\/08\/ldralex.jpg 506w, https:\/\/www.magicblur.net\/site\/wp-content\/uploads\/2019\/08\/ldralex-300x192.jpg 300w\" sizes=\"auto, (max-width: 506px) 100vw, 506px\" \/><\/a><\/figure><\/li><li class=\"blocks-gallery-item\"><figure><a href=\"https:\/\/www.magicblur.net\/site\/wp-content\/uploads\/2019\/08\/ldrdamgr.jpg\"><img loading=\"lazy\" decoding=\"async\" width=\"363\" height=\"290\" src=\"https:\/\/www.magicblur.net\/site\/wp-content\/uploads\/2019\/08\/ldrdamgr.jpg\" alt=\"\" data-id=\"1445\" data-link=\"https:\/\/www.magicblur.net\/site\/?attachment_id=1445\" class=\"wp-image-1445\" srcset=\"https:\/\/www.magicblur.net\/site\/wp-content\/uploads\/2019\/08\/ldrdamgr.jpg 363w, https:\/\/www.magicblur.net\/site\/wp-content\/uploads\/2019\/08\/ldrdamgr-300x240.jpg 300w\" sizes=\"auto, (max-width: 363px) 100vw, 363px\" \/><\/a><\/figure><\/li><li class=\"blocks-gallery-item\"><figure><a href=\"https:\/\/www.magicblur.net\/site\/wp-content\/uploads\/2019\/08\/mutuasuper.jpg\"><img loading=\"lazy\" decoding=\"async\" width=\"279\" height=\"364\" src=\"https:\/\/www.magicblur.net\/site\/wp-content\/uploads\/2019\/08\/mutuasuper.jpg\" alt=\"\" data-id=\"1446\" data-link=\"https:\/\/www.magicblur.net\/site\/?attachment_id=1446\" class=\"wp-image-1446\" srcset=\"https:\/\/www.magicblur.net\/site\/wp-content\/uploads\/2019\/08\/mutuasuper.jpg 279w, https:\/\/www.magicblur.net\/site\/wp-content\/uploads\/2019\/08\/mutuasuper-230x300.jpg 230w\" sizes=\"auto, (max-width: 279px) 100vw, 279px\" \/><\/a><\/figure><\/li><\/ul>\n","protected":false},"excerpt":{"rendered":"<p>Photos de la tourn\u00e9e 13, 1999 Cr\u00e9dits indiqu\u00e9s sur les photos<\/p>\n","protected":false},"author":1,"featured_media":0,"parent":0,"menu_order":0,"comment_status":"closed","ping_status":"closed","template":"","meta":{"footnotes":""},"class_list":["post-1441","page","type-page","status-publish","hentry"],"yoast_head":"<!-- This site is optimized with the Yoast SEO plugin v26.3 - https:\/\/yoast.com\/wordpress\/plugins\/seo\/ -->\n<title>13 Tour - magicblur.net :: un site en fran\u00e7ais sur blur<\/title>\n<meta name=\"robots\" content=\"index, follow, max-snippet:-1, max-image-preview:large, max-video-preview:-1\" \/>\n<link rel=\"canonical\" href=\"https:\/\/www.magicblur.net\/site\/13-tour\" \/>\n<meta property=\"og:locale\" content=\"fr_FR\" \/>\n<meta property=\"og:type\" content=\"article\" \/>\n<meta property=\"og:title\" content=\"13 Tour - magicblur.net :: un site en fran\u00e7ais sur blur\" \/>\n<meta property=\"og:description\" content=\"Photos de la tourn\u00e9e 13, 1999 Cr\u00e9dits indiqu\u00e9s sur les photos\" \/>\n<meta property=\"og:url\" content=\"https:\/\/www.magicblur.net\/site\/13-tour\" \/>\n<meta property=\"og:site_name\" content=\"magicblur.net :: un site en fran\u00e7ais sur blur\" \/>\n<meta property=\"article:modified_time\" content=\"2024-11-11T08:05:03+00:00\" \/>\n<meta property=\"og:image\" content=\"https:\/\/www.magicblur.net\/site\/wp-content\/uploads\/2019\/08\/damonmaryse.jpg\" \/>\n<meta name=\"twitter:card\" content=\"summary_large_image\" \/>\n<script type=\"application\/ld+json\" class=\"yoast-schema-graph\">{\"@context\":\"https:\/\/schema.org\",\"@graph\":[{\"@type\":\"WebPage\",\"@id\":\"https:\/\/www.magicblur.net\/site\/13-tour\",\"url\":\"https:\/\/www.magicblur.net\/site\/13-tour\",\"name\":\"13 Tour - magicblur.net :: un site en fran\u00e7ais sur blur\",\"isPartOf\":{\"@id\":\"\/#website\"},\"primaryImageOfPage\":{\"@id\":\"https:\/\/www.magicblur.net\/site\/13-tour#primaryimage\"},\"image\":{\"@id\":\"https:\/\/www.magicblur.net\/site\/13-tour#primaryimage\"},\"thumbnailUrl\":\"https:\/\/www.magicblur.net\/site\/wp-content\/uploads\/2019\/08\/damonmaryse.jpg\",\"datePublished\":\"2019-08-26T17:32:13+00:00\",\"dateModified\":\"2024-11-11T08:05:03+00:00\",\"inLanguage\":\"fr-FR\",\"potentialAction\":[{\"@type\":\"ReadAction\",\"target\":[\"https:\/\/www.magicblur.net\/site\/13-tour\"]}]},{\"@type\":\"ImageObject\",\"inLanguage\":\"fr-FR\",\"@id\":\"https:\/\/www.magicblur.net\/site\/13-tour#primaryimage\",\"url\":\"https:\/\/www.magicblur.net\/site\/wp-content\/uploads\/2019\/08\/damonmaryse.jpg\",\"contentUrl\":\"https:\/\/www.magicblur.net\/site\/wp-content\/uploads\/2019\/08\/damonmaryse.jpg\"},{\"@type\":\"WebSite\",\"@id\":\"\/#website\",\"url\":\"\/\",\"name\":\"magicblur.net :: un site en fran\u00e7ais sur blur\",\"description\":\"Un site en fran\u00e7ais sur blur\",\"potentialAction\":[{\"@type\":\"SearchAction\",\"target\":{\"@type\":\"EntryPoint\",\"urlTemplate\":\"\/?s={search_term_string}\"},\"query-input\":{\"@type\":\"PropertyValueSpecification\",\"valueRequired\":true,\"valueName\":\"search_term_string\"}}],\"inLanguage\":\"fr-FR\"}]}<\/script>\n<!-- \/ Yoast SEO plugin. -->","yoast_head_json":{"title":"13 Tour - magicblur.net :: un site en fran\u00e7ais sur blur","robots":{"index":"index","follow":"follow","max-snippet":"max-snippet:-1","max-image-preview":"max-image-preview:large","max-video-preview":"max-video-preview:-1"},"canonical":"https:\/\/www.magicblur.net\/site\/13-tour","og_locale":"fr_FR","og_type":"article","og_title":"13 Tour - magicblur.net :: un site en fran\u00e7ais sur blur","og_description":"Photos de la tourn\u00e9e 13, 1999 Cr\u00e9dits indiqu\u00e9s sur les photos","og_url":"https:\/\/www.magicblur.net\/site\/13-tour","og_site_name":"magicblur.net :: un site en fran\u00e7ais sur blur","article_modified_time":"2024-11-11T08:05:03+00:00","og_image":[{"url":"https:\/\/www.magicblur.net\/site\/wp-content\/uploads\/2019\/08\/damonmaryse.jpg","type":"","width":"","height":""}],"twitter_card":"summary_large_image","schema":{"@context":"https:\/\/schema.org","@graph":[{"@type":"WebPage","@id":"https:\/\/www.magicblur.net\/site\/13-tour","url":"https:\/\/www.magicblur.net\/site\/13-tour","name":"13 Tour - magicblur.net :: un site en fran\u00e7ais sur blur","isPartOf":{"@id":"\/#website"},"primaryImageOfPage":{"@id":"https:\/\/www.magicblur.net\/site\/13-tour#primaryimage"},"image":{"@id":"https:\/\/www.magicblur.net\/site\/13-tour#primaryimage"},"thumbnailUrl":"https:\/\/www.magicblur.net\/site\/wp-content\/uploads\/2019\/08\/damonmaryse.jpg","datePublished":"2019-08-26T17:32:13+00:00","dateModified":"2024-11-11T08:05:03+00:00","inLanguage":"fr-FR","potentialAction":[{"@type":"ReadAction","target":["https:\/\/www.magicblur.net\/site\/13-tour"]}]},{"@type":"ImageObject","inLanguage":"fr-FR","@id":"https:\/\/www.magicblur.net\/site\/13-tour#primaryimage","url":"https:\/\/www.magicblur.net\/site\/wp-content\/uploads\/2019\/08\/damonmaryse.jpg","contentUrl":"https:\/\/www.magicblur.net\/site\/wp-content\/uploads\/2019\/08\/damonmaryse.jpg"},{"@type":"WebSite","@id":"\/#website","url":"\/","name":"magicblur.net :: un site en fran\u00e7ais sur blur","description":"Un site en fran\u00e7ais sur blur","potentialAction":[{"@type":"SearchAction","target":{"@type":"EntryPoint","urlTemplate":"\/?s={search_term_string}"},"query-input":{"@type":"PropertyValueSpecification","valueRequired":true,"valueName":"search_term_string"}}],"inLanguage":"fr-FR"}]}},"_links":{"self":[{"href":"https:\/\/www.magicblur.net\/site\/wp-json\/wp\/v2\/pages\/1441","targetHints":{"allow":["GET"]}}],"collection":[{"href":"https:\/\/www.magicblur.net\/site\/wp-json\/wp\/v2\/pages"}],"about":[{"href":"https:\/\/www.magicblur.net\/site\/wp-json\/wp\/v2\/types\/page"}],"author":[{"embeddable":true,"href":"https:\/\/www.magicblur.net\/site\/wp-json\/wp\/v2\/users\/1"}],"replies":[{"embeddable":true,"href":"https:\/\/www.magicblur.net\/site\/wp-json\/wp\/v2\/comments?post=1441"}],"version-history":[{"count":1,"href":"https:\/\/www.magicblur.net\/site\/wp-json\/wp\/v2\/pages\/1441\/revisions"}],"predecessor-version":[{"id":1447,"href":"https:\/\/www.magicblur.net\/site\/wp-json\/wp\/v2\/pages\/1441\/revisions\/1447"}],"wp:attachment":[{"href":"https:\/\/www.magicblur.net\/site\/wp-json\/wp\/v2\/media?parent=1441"}],"curies":[{"name":"wp","href":"https:\/\/api.w.org\/{rel}","templated":true}]}}